{"id":1027,"date":"2017-03-29T05:21:38","date_gmt":"2017-03-29T03:21:38","guid":{"rendered":"https:\/\/vukovart.com\/organizer\/"},"modified":"2021-06-24T14:35:51","modified_gmt":"2021-06-24T12:35:51","slug":"organizer","status":"publish","type":"page","link":"https:\/\/vukovart.com\/en\/organizer\/","title":{"rendered":"Organizer"},"content":{"rendered":"<div class=\"wpb-content-wrapper\"><p>[vc_row][vc_column width=&#8221;5\/6&#8243;][vc_column_text]<\/p>\n<h2 class=\"no-margin-top\">Vukovar &#8211; art harbour<\/h2>\n<p>[\/vc_column_text][vc_empty_space height=&#8221;50px&#8221;][\/vc_column][vc_column width=&#8221;1\/6&#8243;][\/vc_column][\/vc_row][vc_row gap=&#8221;30&#8243; css=&#8221;.vc_custom_1484628014383{padding-bottom: 80px !important;}&#8221;][vc_column width=&#8221;1\/2&#8243;][vc_column_text]<strong>Ivan Penava<\/strong>, Mayor of City of\u00a0Vukovar \u2013\u00a0International organization host<br \/>\n<strong>Peter Westerink<\/strong> , Planet Streetpainting \u2013organizer<br \/>\n<strong>Filip Mrvelj<\/strong>, Craft making art\u00a0\u201eMrvelj\u201c, organizer<br \/>\n<strong>Kre\u0161imir Herceg<\/strong>, NGO\u00a0Lima \u2013\u00a0head of marketing campaign<br \/>\n<strong>Sanja Toki\u0107<\/strong>, Department for General Affairs and the mayor\u2019s office, organizer<br \/>\n<strong>Ana \u017divanovi\u0107<\/strong>, Board of Social Services of the City of Vukovar, organizer<br \/>\n<strong>Sini\u0161a Mitrovi\u0107<\/strong>, Board of Social Services of the City of Vukovar, organizer<br \/>\n<strong>Miroslav \u0160lafhauzer<\/strong>, Department for General Affairs and the mayor\u2019s office, organizer and\u00a0photo author<\/p>\n<p><strong>We would like to thank for cooperation to Conservation Department in Vukovar, Police station Vukovar and Croatia Osiguranje d.d.<\/strong>[\/vc_column_text][vc_empty_space height=&#8221;50px&#8221;][vc_tta_accordion][vc_tta_section title=&#8221;1. New touristic atraction &#8211; 3D projection on bridge in the city center&#8221; tab_id=&#8221;1484624772326-c90168c2-8938&#8243;][vc_column_text]Vukovar has got a new tourist attraction in the form of 3D projection on the bridge in the city center. 3D artist from Slavonski Brod, Filip Mrvelj, painted the pedestrian bridge that crosses the Vuka river. The projection extends to 100 square meters showing the destroyed wooden bridge. It&#8217;s a picture that gets the 3D effect when viewed from a single point with the use of camera or lens. The project is funded by the city of Vukovar. Filip, Croatian 3D street art artist, published a video on his Facebook profile that shows the process of creating this new tourist attractions. Citizens of Vukovar are enthusiastic about the new attraction so they flooded social networks with their photographs with &#8220;fallen&#8221; bridge.[\/vc_column_text][\/vc_tta_section][vc_tta_section title=&#8221;2. First Croatian 3D ZOO&#8221; tab_id=&#8221;1490704996053-8f79aef1-ab39&#8243;][vc_column_text]Vukovar 3D Zoo is made out of\u00a0five\u00a03D anamorphic street art images with total size of 100m2 which were painted for City of Vukovar by the famous artist Filip Mrvelj. Filip painted the first anamorphic picture on the bridge over the Vuka river in Vukovar few months before. Mayor Ivan Penava said the new photos posted on the streets of Vukovar were success and they sparked public interest.[\/vc_column_text][\/vc_tta_section][vc_tta_section title=&#8221;3. Best street artists in Vukovar&#8221; tab_id=&#8221;1490704963873-7b793189-6c74&#8243;][vc_column_text]In May of 2017 Vukovar welcomes one of the world&#8217;s best 3D anamorphic street artists.[\/vc_column_text][\/vc_tta_section][\/vc_tta_accordion][\/vc_column][vc_column width=&#8221;1\/2&#8243;][vc_empty_space height=&#8221;20px&#8221;]\n\t<div class=\"testimonial  has-image\">\n\t\t<div class=\"testimonial-content\">\n\t\t\t<blockquote>\n\t\t\t\t<p>Vukovar was given new guise and positioned itself to world map of urban modern cities<\/p>\n\t\t\t<\/blockquote>\n\t\t<\/div>\n\t\t<div class=\"testimonial-meta\">\n\t\t\t\n\t\t<div class=\"testimonial-image\">\n\t\t\t<img decoding=\"async\" src=\"https:\/\/vukovart.com\/wp-content\/uploads\/ivan_penava.jpg\" alt=\"Ivan Penava\" \/>\n\t\t<\/div>\n\t\t\t\t<h6 class=\"testimonial-author\">\n\t\t\t\t<span class=\"author-name\">Ivan Penava<\/span>\n\t\t\t\t<span class=\"author-info\"><a href=\"https:\/\/www.vukovar.hr\" class=\"company\">Mayor of City of Vukovar<\/a><\/span>\n\t\t\t<\/h6>\n\t\t<\/div>\n\t<\/div>\n[\/vc_column][\/vc_row][vc_row full_width=&#8221;stretch_row&#8221; css=&#8221;.vc_custom_1484628322536{padding-top: 100px !important;padding-bottom: 80px !important;background-color: #e1eaf0 !important;}&#8221;][vc_column][vc_row_inner][vc_column_inner width=&#8221;1\/6&#8243;][\/vc_column_inner][vc_column_inner width=&#8221;2\/3&#8243;][vc_single_image image=&#8221;1363&#8243; img_size=&#8221;full&#8221; alignment=&#8221;center&#8221; onclick=&#8221;custom_link&#8221; img_link_target=&#8221;_blank&#8221; link=&#8221;https:\/\/www.valkulture.hr&#8221; css=&#8221;.vc_custom_1520938139202{padding-bottom: 30px !important;}&#8221;][vc_column_text]<\/p>\n<p style=\"text-align: center;\"><span id=\"result_box\" class=\"\" lang=\"en\"><span title=\"Misija udruge Val Kulture je promicanje kulture i umjetnosti, te vrijednosti demokracije i multikulturalnosti na lokalnoj, regionalnoj i nacionalnoj razini u svim segmentima dru\u0161tva. \">The mission of the <strong>Val Kulture<\/strong> is to promote culture and art, and the values \u200b\u200bof democracy and multiculturalism at the local, regional and national level in all segments of society.<\/span><\/span><\/p>\n<p><span title=\"Kroz organizaciju kulturno-umjetni\u010dkih doga\u0111anja i aktivnosti, predavanja, seminara i tribina kojima predstavljamo razli\u010dite kulture svijeta te tako promi\u010du vrijednosti multikulturalnosti, interkulturalnosti, su\u017eivota i ljudskih prava.\">Through the organization of cultural-artistic events and activities, lectures, seminars and forums that we present to the different cultures of the world and thus promote the values \u200b\u200bof multiculturalism, interculturality, coexistence and human rights. <\/span><span title=\"Te aktivnosti popra\u0107ene su izdavanjem knjiga, \u010dasopisa, video i audio zapisa iz podru\u010dja djelatnosti Udruge, te suradnjom sa srodnim organizacijama u Hrvatskoj i inozemstvu.\">These activities are accompanied by the publishing of books, magazines, video and audio records from the area of \u200b\u200bactivity of the Association, and cooperation with related organizations in Croatia and abroad. <\/span><span title=\"Jedna od njih je Klaster puteva kulture koji regionalno umre\u017eava preko 40 institucija kulture, turisti\u010dkih organizacija, organizacija civilnog dru\u0161tva, fakulteta i gospodarstvenika iz Srbije, Hrvatske i Slovenije.\">One of them is a cluster of cultural roads that regionally network over 40 cultural institutions, tourism organizations, civil society organizations, faculties and businessmen from Serbia, Croatia and Slovenia. <\/span><span title=\"Predsjednik udruge Ivor Zidari\u0107 \u010dlan je Upravnog odbora ove me\u0111unarodne mre\u017ee za razvoj kulturnih ruta u regiji. \">President of the Association Ivor Zidari\u0107 is a member of the Management Board of this international network for the development of cultural routes in the region.<\/span><\/p>\n<p><span title=\"U 15 godina aktivnog i predanog djelovanja, udruga je oformila i pokrenula niz projekata promoviraju umjetnost, kulturu i obrazovanje.\">In 15 years of active and devoted activity, the association has created and launched a number of projects promoting arts, culture and education. <\/span><span title=\"Ti projekti su danas prepoznatljivi hrvatski kulturni proizvod. \">These projects are today a recognizable Croatian cultural product.<\/span><\/p>\n<p><span title=\"Najstariji od njih je poznati Legendfest \u2013 festival pri\u010da, mitova i legendi, uz prate\u0107e projekte LegendArt i LegendExpo koji svi zajedno objedinjuju nematerijalnu i materijalnu ba\u0161tinu Hrvatske, s ciljem njene popularizacije i o\u010duvanja.\">The oldest of them is <strong>Legendfest<\/strong> &#8211; a festival of stories, myths and legends, along with the supporting projects of LegendArt and LegendExpo, which together combine the immaterial and material heritage of Croatia with the aim of its popularization and preservation.<\/span>[\/vc_column_text][\/vc_column_inner][vc_column_inner width=&#8221;1\/6&#8243;][\/vc_column_inner][\/vc_row_inner][vc_empty_space height=&#8221;50px&#8221;][vc_row_inner gap=&#8221;30&#8243;][vc_column_inner width=&#8221;1\/3&#8243;]\n<!-- BEGIN .imagebox -->\n<div class=\"imagebox  \">\n\t<div class=\"box-wrapper\">\n\t\t<div class=\"box-header\">\n\t\t\t<h3 class=\"box-title\"><\/h3>\n\n\t\t\t\t\t<\/div>\n\n\t\t\t\t\t\n\t\t\t<div class=\"box-image\">\n\t\t\t\t<a href=\"\" target=\"\"><img loading=\"lazy\" decoding=\"async\" width=\"960\" height=\"646\" src=\"https:\/\/vukovart.com\/wp-content\/uploads\/Vukovart_organizator_1.jpg\" class=\"attachment-full\" alt=\"\" title=\"Vukovart_organizator_1\" srcset=\"https:\/\/vukovart.com\/wp-content\/uploads\/Vukovart_organizator_1.jpg 960w, https:\/\/vukovart.com\/wp-content\/uploads\/Vukovart_organizator_1-585x394.jpg 585w, https:\/\/vukovart.com\/wp-content\/uploads\/Vukovart_organizator_1-768x517.jpg 768w, https:\/\/vukovart.com\/wp-content\/uploads\/Vukovart_organizator_1-32x22.jpg 32w, https:\/\/vukovart.com\/wp-content\/uploads\/Vukovart_organizator_1-100x67.jpg 100w\" sizes=\"auto, (max-width: 960px) 100vw, 960px\" \/><\/a>\t\t\t<\/div>\n\n\t\t\n\t\t<div class=\"box-content\">\n\t\t\t\n\t\t<\/div>\n\t<\/div>\n<\/div>\n<!-- End .imagebox -->\n[\/vc_column_inner][vc_column_inner width=&#8221;1\/3&#8243;]\n<!-- BEGIN .imagebox -->\n<div class=\"imagebox  \">\n\t<div class=\"box-wrapper\">\n\t\t<div class=\"box-header\">\n\t\t\t<h3 class=\"box-title\"><\/h3>\n\n\t\t\t\t\t<\/div>\n\n\t\t\t\t\t\n\t\t\t<div class=\"box-image\">\n\t\t\t\t<a href=\"\" target=\"\"><img loading=\"lazy\" decoding=\"async\" width=\"960\" height=\"646\" src=\"https:\/\/vukovart.com\/wp-content\/uploads\/Vukovart_organizator_2.jpg\" class=\"attachment-full\" alt=\"\" title=\"Vukovart_organizator_2\" srcset=\"https:\/\/vukovart.com\/wp-content\/uploads\/Vukovart_organizator_2.jpg 960w, https:\/\/vukovart.com\/wp-content\/uploads\/Vukovart_organizator_2-585x394.jpg 585w, https:\/\/vukovart.com\/wp-content\/uploads\/Vukovart_organizator_2-768x517.jpg 768w, https:\/\/vukovart.com\/wp-content\/uploads\/Vukovart_organizator_2-32x22.jpg 32w, https:\/\/vukovart.com\/wp-content\/uploads\/Vukovart_organizator_2-100x67.jpg 100w\" sizes=\"auto, (max-width: 960px) 100vw, 960px\" \/><\/a>\t\t\t<\/div>\n\n\t\t\n\t\t<div class=\"box-content\">\n\t\t\t\n\t\t<\/div>\n\t<\/div>\n<\/div>\n<!-- End .imagebox -->\n[\/vc_column_inner][vc_column_inner width=&#8221;1\/3&#8243;]\n<!-- BEGIN .imagebox -->\n<div class=\"imagebox  \">\n\t<div class=\"box-wrapper\">\n\t\t<div class=\"box-header\">\n\t\t\t<h3 class=\"box-title\"><\/h3>\n\n\t\t\t\t\t<\/div>\n\n\t\t\t\t\t\n\t\t\t<div class=\"box-image\">\n\t\t\t\t<a href=\"\" target=\"\"><img loading=\"lazy\" decoding=\"async\" width=\"960\" height=\"646\" src=\"https:\/\/vukovart.com\/wp-content\/uploads\/Vukovart_organizator_3.jpg\" class=\"attachment-full\" alt=\"\" title=\"Vukovart_organizator_3\" srcset=\"https:\/\/vukovart.com\/wp-content\/uploads\/Vukovart_organizator_3.jpg 960w, https:\/\/vukovart.com\/wp-content\/uploads\/Vukovart_organizator_3-585x394.jpg 585w, https:\/\/vukovart.com\/wp-content\/uploads\/Vukovart_organizator_3-768x517.jpg 768w, https:\/\/vukovart.com\/wp-content\/uploads\/Vukovart_organizator_3-32x22.jpg 32w, https:\/\/vukovart.com\/wp-content\/uploads\/Vukovart_organizator_3-100x67.jpg 100w\" sizes=\"auto, (max-width: 960px) 100vw, 960px\" \/><\/a>\t\t\t<\/div>\n\n\t\t\n\t\t<div class=\"box-content\">\n\t\t\t\n\t\t<\/div>\n\t<\/div>\n<\/div>\n<!-- End .imagebox -->\n[\/vc_column_inner][\/vc_row_inner][\/vc_column][\/vc_row][vc_row css=&#8221;.vc_custom_1484639014001{padding-top: 60px !important;}&#8221;][vc_column][vc_row_inner][vc_column_inner width=&#8221;5\/6&#8243;][vc_column_text]<\/p>\n<h2>About City of Vukovar<\/h2>\n<p>[\/vc_column_text][\/vc_column_inner][vc_column_inner width=&#8221;1\/6&#8243;][\/vc_column_inner][\/vc_row_inner][vc_empty_space height=&#8221;80px&#8221;][vc_row_inner el_id=&#8221;step1&#8243;][vc_column_inner width=&#8221;1\/4&#8243;][vc_column_text]<\/p>\n<h3 class=\"no-margin-top\">City History<\/h3>\n<p>[\/vc_column_text][vc_single_image image=&#8221;739&#8243; img_size=&#8221;150&#215;187&#8243; alignment=&#8221;center&#8221; onclick=&#8221;custom_link&#8221; link=&#8221;https:\/\/www.vukovar.hr&#8221; css=&#8221;.vc_custom_1490704579845{padding-top: 25px !important;}&#8221;][\/vc_column_inner][vc_column_inner width=&#8221;3\/4&#8243;][vc_column_text]Vukovar is located in the Eastern part of the Republic of Croatia and is the centre of the Vukovar-Syrmia County. Its location places it at the border of historical provinces Eastern Slavonia and Western Syrmia. The city is positioned on important transport routes. Since time immemorial transport routes from the northwest to the southeast were active in the Danube Valley through the Vukovar area.<\/p>\n<p>After steam ships were introduced in the mid 19th century, and with the arrival of present day tourist ships, Vukovar is connected with Budapest and Vienna upstream and all the way to Romania downstream. The Vukovar harbour is an important import and export station. The Danube has always been and remains the connection of the people of Vukovar with Europe and the world.<\/p>\n<p><a href=\"https:\/\/www.turizamvukovar.hr\/vukovar_eng.php?stranica=169\"><strong>\u21f2 Find out more about City of Vukovar<\/strong><\/a>[\/vc_column_text][\/vc_column_inner][\/vc_row_inner][vc_separator color=&#8221;custom&#8221; accent_color=&#8221;rgba(0,0,0,0.1)&#8221; css=&#8221;.vc_custom_1484641817024{margin-top: 60px !important;margin-bottom: 60px !important;}&#8221;][vc_row_inner el_id=&#8221;step2&#8243;][vc_column_inner width=&#8221;1\/4&#8243;][vc_column_text]<\/p>\n<h3 class=\"no-margin-top\">Experience Vukovar<\/h3>\n<p>[\/vc_column_text][\/vc_column_inner][vc_column_inner width=&#8221;3\/4&#8243;][vc_column_text]Vukovar&#8230; Seemingly just an ordinary seven letter word, seemingly just an ordinary name of a city with a characteristic Hungarian suffix \u201cvar\u201d signifying a small town \u2013 varo\u0161. But, a lot more than an ordinary experience is hidden behind that name. A wondrous city is hidden there.<\/p>\n<p>It is situated in the eastern part of the Republic of Croatia, at the place where the Vuka enters into the Danube, held lovingly by both Slavonia and Syrmia. Vukovar is a gift from its rivers, a city of amazing harmony and strong, ancient, and welcoming Danube, and the local flavour of Vuka \u2013 capricious, shaped by the plain, the nature\u2019s whims, and the Slavonian land. The city is growing in the arms of its rivers, receiving a new shine and filling the chest with heritage, culture, and tradition.<\/p>\n<p>The Castle Eltz certainly goes along that chest. The Castle, today the Vukovar City Museum, with a wide park reflecting in the Danube and adding its green flavour to it, is a unique vista, a painter\u2019s aquarelle, and an identifying feature of Vukovar. In that place, across from the luxurious castle, firmly stands the Syrmia Palace \u2013 it seems wide, peaceful, and permanent.<\/p>\n<p><a href=\"https:\/\/360vr.virtuabit.hr\/vukovar\"><strong>\u21f2 Virtual walk through City of Vukovar<\/strong><\/a>[\/vc_column_text][\/vc_column_inner][\/vc_row_inner][vc_separator color=&#8221;custom&#8221; accent_color=&#8221;rgba(0,0,0,0.1)&#8221; css=&#8221;.vc_custom_1484641817024{margin-top: 60px !important;margin-bottom: 60px !important;}&#8221;][vc_row_inner el_id=&#8221;step4&#8243;][vc_column_inner width=&#8221;1\/4&#8243;][vc_column_text]<\/p>\n<h3 class=\"no-margin-top\">Gallery<\/h3>\n<p>[\/vc_column_text][\/vc_column_inner][vc_column_inner width=&#8221;3\/4&#8243;][vc_gallery type=&#8221;image_grid&#8221; images=&#8221;793,797,791&#8243; img_size=&#8221;medium&#8221;][\/vc_column_inner][\/vc_row_inner][\/vc_column][\/vc_row]<\/p>\n<\/div>","protected":false},"excerpt":{"rendered":"<p>[vc_row][vc_column width=&#8221;5\/6&#8243;][vc_column_text] Vukovar &#8211; art harbour [\/vc_column_text][vc_empty_space height=&#8221;50px&#8221;][\/vc_column][vc_column width=&#8221;1\/6&#8243;][\/vc_column][\/vc_row][vc_row gap=&#8221;30&#8243; css=&#8221;.vc_custom_1484628014383{padding-bottom: 80px !important;}&#8221;][vc_column width=&#8221;1\/2&#8243;][vc_column_text]Ivan Penava, Mayor of City of\u00a0Vukovar \u2013\u00a0International organization host Peter Westerink , Planet Streetpainting \u2013organizer Filip Mrvelj, Craft making art\u00a0\u201eMrvelj\u201c, organizer Kre\u0161imir Herceg, NGO\u00a0Lima \u2013\u00a0head of marketing campaign Sanja Toki\u0107, Department for General Affairs and the mayor\u2019s office, organizer Ana \u017divanovi\u0107, Board [&hellip;]<\/p>\n","protected":false},"author":1,"featured_media":737,"parent":0,"menu_order":5,"comment_status":"closed","ping_status":"closed","template":"","meta":{"footnotes":""},"class_list":["post-1027","page","type-page","status-publish","has-post-thumbnail","hentry"],"yoast_head":"<!-- This site is optimized with the Yoast SEO Premium plugin v26.1 (Yoast SEO v26.1.1) - https:\/\/yoast.com\/wordpress\/plugins\/seo\/ -->\n<title>Organizer - VukovART<\/title>\n<meta name=\"robots\" content=\"index, follow, max-snippet:-1, max-image-preview:large, max-video-preview:-1\" \/>\n<link rel=\"canonical\" href=\"https:\/\/vukovart.com\/en\/organizer\/\" \/>\n<meta property=\"og:locale\" content=\"en_US\" \/>\n<meta property=\"og:type\" content=\"article\" \/>\n<meta property=\"og:title\" content=\"Organizer\" \/>\n<meta property=\"og:description\" content=\"[vc_row][vc_column width=&#8221;5\/6&#8243;][vc_column_text] Vukovar &#8211; art harbour [\/vc_column_text][vc_empty_space height=&#8221;50px&#8221;][\/vc_column][vc_column width=&#8221;1\/6&#8243;][\/vc_column][\/vc_row][vc_row gap=&#8221;30&#8243; css=&#8221;.vc_custom_1484628014383{padding-bottom: 80px !important;}&#8221;][vc_column width=&#8221;1\/2&#8243;][vc_column_text]Ivan Penava, Mayor of City of\u00a0Vukovar \u2013\u00a0International organization host Peter Westerink , Planet Streetpainting \u2013organizer Filip Mrvelj, Craft making art\u00a0\u201eMrvelj\u201c, organizer Kre\u0161imir Herceg, NGO\u00a0Lima \u2013\u00a0head of marketing campaign Sanja Toki\u0107, Department for General Affairs and the mayor\u2019s office, organizer Ana \u017divanovi\u0107, Board [&hellip;]\" \/>\n<meta property=\"og:url\" content=\"https:\/\/vukovart.com\/en\/organizer\/\" \/>\n<meta property=\"og:site_name\" content=\"VukovART\" \/>\n<meta property=\"article:publisher\" content=\"https:\/\/www.facebook.com\/vukovar.art\" \/>\n<meta property=\"article:modified_time\" content=\"2021-06-24T12:35:51+00:00\" \/>\n<meta property=\"og:image\" content=\"https:\/\/vukovart.com\/wp-content\/uploads\/Vukovar_organizator.jpg\" \/>\n\t<meta property=\"og:image:width\" content=\"1920\" \/>\n\t<meta property=\"og:image:height\" content=\"1080\" \/>\n\t<meta property=\"og:image:type\" content=\"image\/jpeg\" \/>\n<meta name=\"twitter:card\" content=\"summary_large_image\" \/>\n<meta name=\"twitter:site\" content=\"@VukovarART\" \/>\n<meta name=\"twitter:label1\" content=\"Est. reading time\" \/>\n\t<meta name=\"twitter:data1\" content=\"7 minutes\" \/>\n<script type=\"application\/ld+json\" class=\"yoast-schema-graph\">{\"@context\":\"https:\/\/schema.org\",\"@graph\":[{\"@type\":\"WebPage\",\"@id\":\"https:\/\/vukovart.com\/en\/organizer\/\",\"url\":\"https:\/\/vukovart.com\/en\/organizer\/\",\"name\":\"Organizer - VukovART\",\"isPartOf\":{\"@id\":\"https:\/\/vukovart.com\/en\/#website\"},\"primaryImageOfPage\":{\"@id\":\"https:\/\/vukovart.com\/en\/organizer\/#primaryimage\"},\"image\":{\"@id\":\"https:\/\/vukovart.com\/en\/organizer\/#primaryimage\"},\"thumbnailUrl\":\"https:\/\/vukovart.com\/wp-content\/uploads\/Vukovar_organizator.jpg\",\"datePublished\":\"2017-03-29T03:21:38+00:00\",\"dateModified\":\"2021-06-24T12:35:51+00:00\",\"breadcrumb\":{\"@id\":\"https:\/\/vukovart.com\/en\/organizer\/#breadcrumb\"},\"inLanguage\":\"en-US\",\"potentialAction\":[{\"@type\":\"ReadAction\",\"target\":[\"https:\/\/vukovart.com\/en\/organizer\/\"]}]},{\"@type\":\"ImageObject\",\"inLanguage\":\"en-US\",\"@id\":\"https:\/\/vukovart.com\/en\/organizer\/#primaryimage\",\"url\":\"https:\/\/vukovart.com\/wp-content\/uploads\/Vukovar_organizator.jpg\",\"contentUrl\":\"https:\/\/vukovart.com\/wp-content\/uploads\/Vukovar_organizator.jpg\",\"width\":1920,\"height\":1080},{\"@type\":\"BreadcrumbList\",\"@id\":\"https:\/\/vukovart.com\/en\/organizer\/#breadcrumb\",\"itemListElement\":[{\"@type\":\"ListItem\",\"position\":1,\"name\":\"Home\",\"item\":\"https:\/\/vukovart.com\/en\/\"},{\"@type\":\"ListItem\",\"position\":2,\"name\":\"Organizer\"}]},{\"@type\":\"WebSite\",\"@id\":\"https:\/\/vukovart.com\/en\/#website\",\"url\":\"https:\/\/vukovart.com\/en\/\",\"name\":\"VukovART\",\"description\":\"Luka umjetnosti\",\"potentialAction\":[{\"@type\":\"SearchAction\",\"target\":{\"@type\":\"EntryPoint\",\"urlTemplate\":\"https:\/\/vukovart.com\/en\/?s={search_term_string}\"},\"query-input\":{\"@type\":\"PropertyValueSpecification\",\"valueRequired\":true,\"valueName\":\"search_term_string\"}}],\"inLanguage\":\"en-US\"}]}<\/script>\n<!-- \/ Yoast SEO Premium plugin. -->","yoast_head_json":{"title":"Organizer - VukovART","robots":{"index":"index","follow":"follow","max-snippet":"max-snippet:-1","max-image-preview":"max-image-preview:large","max-video-preview":"max-video-preview:-1"},"canonical":"https:\/\/vukovart.com\/en\/organizer\/","og_locale":"en_US","og_type":"article","og_title":"Organizer","og_description":"[vc_row][vc_column width=&#8221;5\/6&#8243;][vc_column_text] Vukovar &#8211; art harbour [\/vc_column_text][vc_empty_space height=&#8221;50px&#8221;][\/vc_column][vc_column width=&#8221;1\/6&#8243;][\/vc_column][\/vc_row][vc_row gap=&#8221;30&#8243; css=&#8221;.vc_custom_1484628014383{padding-bottom: 80px !important;}&#8221;][vc_column width=&#8221;1\/2&#8243;][vc_column_text]Ivan Penava, Mayor of City of\u00a0Vukovar \u2013\u00a0International organization host Peter Westerink , Planet Streetpainting \u2013organizer Filip Mrvelj, Craft making art\u00a0\u201eMrvelj\u201c, organizer Kre\u0161imir Herceg, NGO\u00a0Lima \u2013\u00a0head of marketing campaign Sanja Toki\u0107, Department for General Affairs and the mayor\u2019s office, organizer Ana \u017divanovi\u0107, Board [&hellip;]","og_url":"https:\/\/vukovart.com\/en\/organizer\/","og_site_name":"VukovART","article_publisher":"https:\/\/www.facebook.com\/vukovar.art","article_modified_time":"2021-06-24T12:35:51+00:00","og_image":[{"width":1920,"height":1080,"url":"https:\/\/vukovart.com\/wp-content\/uploads\/Vukovar_organizator.jpg","type":"image\/jpeg"}],"twitter_card":"summary_large_image","twitter_site":"@VukovarART","twitter_misc":{"Est. reading time":"7 minutes"},"schema":{"@context":"https:\/\/schema.org","@graph":[{"@type":"WebPage","@id":"https:\/\/vukovart.com\/en\/organizer\/","url":"https:\/\/vukovart.com\/en\/organizer\/","name":"Organizer - VukovART","isPartOf":{"@id":"https:\/\/vukovart.com\/en\/#website"},"primaryImageOfPage":{"@id":"https:\/\/vukovart.com\/en\/organizer\/#primaryimage"},"image":{"@id":"https:\/\/vukovart.com\/en\/organizer\/#primaryimage"},"thumbnailUrl":"https:\/\/vukovart.com\/wp-content\/uploads\/Vukovar_organizator.jpg","datePublished":"2017-03-29T03:21:38+00:00","dateModified":"2021-06-24T12:35:51+00:00","breadcrumb":{"@id":"https:\/\/vukovart.com\/en\/organizer\/#breadcrumb"},"inLanguage":"en-US","potentialAction":[{"@type":"ReadAction","target":["https:\/\/vukovart.com\/en\/organizer\/"]}]},{"@type":"ImageObject","inLanguage":"en-US","@id":"https:\/\/vukovart.com\/en\/organizer\/#primaryimage","url":"https:\/\/vukovart.com\/wp-content\/uploads\/Vukovar_organizator.jpg","contentUrl":"https:\/\/vukovart.com\/wp-content\/uploads\/Vukovar_organizator.jpg","width":1920,"height":1080},{"@type":"BreadcrumbList","@id":"https:\/\/vukovart.com\/en\/organizer\/#breadcrumb","itemListElement":[{"@type":"ListItem","position":1,"name":"Home","item":"https:\/\/vukovart.com\/en\/"},{"@type":"ListItem","position":2,"name":"Organizer"}]},{"@type":"WebSite","@id":"https:\/\/vukovart.com\/en\/#website","url":"https:\/\/vukovart.com\/en\/","name":"VukovART","description":"Luka umjetnosti","potentialAction":[{"@type":"SearchAction","target":{"@type":"EntryPoint","urlTemplate":"https:\/\/vukovart.com\/en\/?s={search_term_string}"},"query-input":{"@type":"PropertyValueSpecification","valueRequired":true,"valueName":"search_term_string"}}],"inLanguage":"en-US"}]}},"_links":{"self":[{"href":"https:\/\/vukovart.com\/en\/wp-json\/wp\/v2\/pages\/1027","targetHints":{"allow":["GET"]}}],"collection":[{"href":"https:\/\/vukovart.com\/en\/wp-json\/wp\/v2\/pages"}],"about":[{"href":"https:\/\/vukovart.com\/en\/wp-json\/wp\/v2\/types\/page"}],"author":[{"embeddable":true,"href":"https:\/\/vukovart.com\/en\/wp-json\/wp\/v2\/users\/1"}],"replies":[{"embeddable":true,"href":"https:\/\/vukovart.com\/en\/wp-json\/wp\/v2\/comments?post=1027"}],"version-history":[{"count":2,"href":"https:\/\/vukovart.com\/en\/wp-json\/wp\/v2\/pages\/1027\/revisions"}],"predecessor-version":[{"id":4124,"href":"https:\/\/vukovart.com\/en\/wp-json\/wp\/v2\/pages\/1027\/revisions\/4124"}],"wp:featuredmedia":[{"embeddable":true,"href":"https:\/\/vukovart.com\/en\/wp-json\/wp\/v2\/media\/737"}],"wp:attachment":[{"href":"https:\/\/vukovart.com\/en\/wp-json\/wp\/v2\/media?parent=1027"}],"curies":[{"name":"wp","href":"https:\/\/api.w.org\/{rel}","templated":true}]}}